{"id":5032,"date":"2023-10-20T10:50:12","date_gmt":"2023-10-20T10:50:12","guid":{"rendered":"https:\/\/lacasadelospianos.cetrexmarketing.com\/?page_id=5032"},"modified":"2023-11-21T18:10:08","modified_gmt":"2023-11-21T18:10:08","slug":"qui-som","status":"publish","type":"page","link":"https:\/\/lacasadelospianos.cetrexmarketing.com\/es\/qui-som\/","title":{"rendered":"Quien somos"},"content":{"rendered":"<div class=\"wpb-content-wrapper\">[vc_section css_animation=\u00bbfadeIn\u00bb full_width=\u00bbstretch_row\u00bb parallax=\u00bbcontent-moving\u00bb parallax_image=\u00bb918&#8243; wpex_bg_overlay=\u00bbcustom\u00bb wpex_bg_overlay_color=\u00bb#ffffff\u00bb wpex_bg_overlay_opacity=\u00bb0.7&#8243; css=\u00bb.vc_custom_1698217610111{padding-top: 7% !important;padding-bottom: 7% !important;background-color: #ffffff !important;}\u00bb][vc_row content_placement=\u00bbmiddle\u00bb][vc_column width=\u00bb1\/2&#8243;]<style>.vcex-heading.vcex_69d4ffd6bf84a{font-size:32px;font-weight:300;text-transform:uppercase;}<\/style><div class=\"vcex-heading vcex-heading-plain vcex-module wpex-heading wpex-text-2xl vcex_69d4ffd6bf84a\"><span class=\"vcex-heading-inner wpex-inline-block\">Quien somos<\/span><\/div><div class=\"vcex-module vcex-divider vcex-divider-solid wpex-my-15 vcex-divider-left wpex-mr-auto wpex-max-w-100 wpex-block wpex-h-0 wpex-border-b wpex-border-solid wpex-border-main\" style=\"width:50px;border-bottom-width:3px;border-color:#c3ac52;\"><\/div>[vc_column_text]Bienvenidos a nuestro peque\u00f1o rinc\u00f3n&#8230;! Somos Deni y Gabi, los propietarios de La Casa de los Pianos. Hemos estado inmersos en el fascinante mundo de la m\u00fasica desde siempre. Si has llegado hasta aqu\u00ed, es porque compartes el inter\u00e9s por el maravilloso universo del piano y quiz\u00e1s est\u00e1s considerando adquirir uno, ya sea para ti mismo o para alguien especial.<\/p>\n<p>Estamos aqu\u00ed para acompa\u00f1arte en esta jornada, ofreci\u00e9ndote asesoramiento y simplificando el proceso, para que este deseo se convierta en una realidad fascinante. Entendemos que, para aquellos que no han tenido un encuentro previo con la m\u00fasica, la idea de tener un piano en casa puede parecer una decisi\u00f3n extravagante o inalcanzable. Sin embargo, tenemos opciones para superar esa inseguridad, como el alquiler de pianos o el programa de recompra. Estamos seguros de que encontrar\u00e1s la opci\u00f3n que mejor se ajuste a tus necesidades y posibilidades.<\/p>\n<p>Nuestro objetivo es asegurar que cualquier aspirante a pianista tenga al alcance el instrumento adecuado para su formaci\u00f3n musical, sin que esto suponga una carga econ\u00f3mica excesiva para tu familia.[\/vc_column_text][\/vc_column][vc_column width=\u00bb1\/2&#8243;]<figure class=\"vcex-image vcex-module\"><div class=\"vcex-image-inner wpex-relative wpex-inline-block\"><img width=\"1000\" height=\"1100\" src=\"https:\/\/lacasadelospianos.cetrexmarketing.com\/wp-content\/uploads\/2023\/10\/img-qui-som-1.jpg\" class=\"vcex-image-img wpex-align-middle\" alt=\"\" loading=\"lazy\" decoding=\"async\" srcset=\"https:\/\/lacasadelospianos.cetrexmarketing.com\/wp-content\/uploads\/2023\/10\/img-qui-som-1.jpg 1000w, https:\/\/lacasadelospianos.cetrexmarketing.com\/wp-content\/uploads\/2023\/10\/img-qui-som-1-273x300.jpg 273w, https:\/\/lacasadelospianos.cetrexmarketing.com\/wp-content\/uploads\/2023\/10\/img-qui-som-1-931x1024.jpg 931w, https:\/\/lacasadelospianos.cetrexmarketing.com\/wp-content\/uploads\/2023\/10\/img-qui-som-1-768x845.jpg 768w, https:\/\/lacasadelospianos.cetrexmarketing.com\/wp-content\/uploads\/2023\/10\/img-qui-som-1-600x660.jpg 600w\" sizes=\"(max-width: 1000px) 100vw, 1000px\" \/><\/div><\/figure>[\/vc_column][\/vc_row][\/vc_section][vc_section css_animation=\u00bbfadeIn\u00bb full_width=\u00bbstretch_row\u00bb css=\u00bb.vc_custom_1698217623327{padding-top: 8% !important;padding-bottom: 8% !important;background-color: #f6f6f6 !important;}\u00bb][vc_row][vc_column]<style>.vcex-heading.vcex_69d4ffd6c2182{font-size:32px;font-weight:300;text-transform:uppercase;}<\/style><div class=\"vcex-heading vcex-heading-plain vcex-module wpex-heading wpex-text-2xl wpex-text-center vcex_69d4ffd6c2182\"><span class=\"vcex-heading-inner wpex-inline-block\">Showroom en Matar\u00f3<\/span><\/div><div class=\"vcex-module vcex-divider vcex-divider-solid wpex-my-15 vcex-divider-center wpex-mx-auto wpex-max-w-100 wpex-block wpex-h-0 wpex-border-b wpex-border-solid wpex-border-main\" style=\"width:50px;border-bottom-width:3px;border-color:#c3ac52;\"><\/div>[\/vc_column][\/vc_row][vc_row full_width=\u00bbstretch_row\u00bb remove_bottom_col_margin=\u00bbtrue\u00bb][vc_column width=\u00bb1\/2&#8243;]<figure class=\"vcex-image vcex-module\"><div class=\"vcex-image-inner wpex-relative wpex-inline-block wpex-image-hover grow\"><a href=\"https:\/\/lacasadelospianos.cetrexmarketing.com\/wp-content\/uploads\/2023\/10\/img-showroom-qui-som-1.jpg\" class=\"wpex-lightbox\"><img width=\"1200\" height=\"800\" src=\"https:\/\/lacasadelospianos.cetrexmarketing.com\/wp-content\/uploads\/2023\/10\/img-showroom-qui-som-1.jpg\" class=\"vcex-image-img wpex-align-middle\" alt=\"\" loading=\"lazy\" decoding=\"async\" srcset=\"https:\/\/lacasadelospianos.cetrexmarketing.com\/wp-content\/uploads\/2023\/10\/img-showroom-qui-som-1.jpg 1200w, https:\/\/lacasadelospianos.cetrexmarketing.com\/wp-content\/uploads\/2023\/10\/img-showroom-qui-som-1-300x200.jpg 300w, https:\/\/lacasadelospianos.cetrexmarketing.com\/wp-content\/uploads\/2023\/10\/img-showroom-qui-som-1-1024x683.jpg 1024w, https:\/\/lacasadelospianos.cetrexmarketing.com\/wp-content\/uploads\/2023\/10\/img-showroom-qui-som-1-768x512.jpg 768w, https:\/\/lacasadelospianos.cetrexmarketing.com\/wp-content\/uploads\/2023\/10\/img-showroom-qui-som-1-600x400.jpg 600w\" sizes=\"(max-width: 1200px) 100vw, 1200px\" \/><\/a><\/div><\/figure>[\/vc_column][vc_column width=\u00bb1\/2&#8243;]<figure class=\"vcex-image vcex-module\"><div class=\"vcex-image-inner wpex-relative wpex-inline-block wpex-image-hover grow\"><a href=\"https:\/\/lacasadelospianos.cetrexmarketing.com\/wp-content\/uploads\/2023\/10\/img-showroom-qui-som-2.jpg\" class=\"wpex-lightbox\"><img width=\"1200\" height=\"800\" src=\"https:\/\/lacasadelospianos.cetrexmarketing.com\/wp-content\/uploads\/2023\/10\/img-showroom-qui-som-2.jpg\" class=\"vcex-image-img wpex-align-middle\" alt=\"\" loading=\"lazy\" decoding=\"async\" srcset=\"https:\/\/lacasadelospianos.cetrexmarketing.com\/wp-content\/uploads\/2023\/10\/img-showroom-qui-som-2.jpg 1200w, https:\/\/lacasadelospianos.cetrexmarketing.com\/wp-content\/uploads\/2023\/10\/img-showroom-qui-som-2-300x200.jpg 300w, https:\/\/lacasadelospianos.cetrexmarketing.com\/wp-content\/uploads\/2023\/10\/img-showroom-qui-som-2-1024x683.jpg 1024w, https:\/\/lacasadelospianos.cetrexmarketing.com\/wp-content\/uploads\/2023\/10\/img-showroom-qui-som-2-768x512.jpg 768w, https:\/\/lacasadelospianos.cetrexmarketing.com\/wp-content\/uploads\/2023\/10\/img-showroom-qui-som-2-600x400.jpg 600w\" sizes=\"(max-width: 1200px) 100vw, 1200px\" \/><\/a><\/div><\/figure>[\/vc_column][\/vc_row][\/vc_section][vc_row remove_bottom_col_margin=\u00bbtrue\u00bb][vc_column]<div class=\"templatera_shortcode\"><style type=\"text\/css\" data-type=\"vc_shortcodes-custom-css\">.vc_custom_1697710429791{padding-top: 60px !important;padding-bottom: 60px !important;background-color: #981b19 !important;}.vc_custom_1700635142874{padding-bottom: 15px !important;}<\/style>[vc_row full_width=\"stretch_row\" parallax=\"content-moving\" parallax_image=\"4853\" wpex_bg_overlay=\"color\" remove_bottom_col_margin=\"true\" css=\".vc_custom_1697710429791{padding-top: 60px !important;padding-bottom: 60px !important;background-color: #981b19 !important;}\" wpex_bg_overlay_color=\"#981b19\" wpex_bg_overlay_opacity=\"0.9\"][vc_column]<style>.vcex-heading.vcex_69d4ffd6c6557{color:#ffffff;font-size:32px;font-weight:200;text-transform:uppercase;}<\/style><h2 class=\"vcex-heading vcex-heading-plain vcex-module wpex-heading wpex-text-2xl wpex-text-center vc_custom_1700635142874 vcex_69d4ffd6c6557\"><span class=\"vcex-heading-inner wpex-inline-block\">\u00bfNecesitas m\u00e1s informaci\u00f3n sobre nuestros pianos?<\/span><\/h2>[vc_column_text text_align=\"center\" font_weight=\"200\" color=\"#ffffff\" font_size=\"18px\" width=\"850px\"]Contacta con nosotros y te ayudaremos a elegir el mejor piano por ti.[\/vc_column_text]<div class=\"vcex-spacing wpex-w-100 wpex-clear\"><\/div><div class=\"theme-button-wrap textcenter wpex-clr\"><a href=\"\/contacte\/\" class=\"vcex-button theme-button minimal-border align-center inline\" style=\"background:rgba(255,255,255,0.01);color:#ffffff;border:1px solid #ffffff;font-size:16px;font-weight:400;border-radius:var(--wpex-rounded-full);text-transform:uppercase;\" data-wpex-hover='{&quot;background&quot;:&quot;#ffffff&quot;,&quot;color&quot;:&quot;#981b19&quot;}' title=\"Purchase Total\"><span class=\"vcex-button-inner theme-button-inner\">Contacta con nosotros<span class=\"vcex-button-icon vcex-icon-wrap theme-button-icon-right\"><span class=\"ticon ticon-angle-right\" aria-hidden=\"true\"><\/span><\/span><\/span><\/a><\/div> [\/vc_column][\/vc_row]<\/div>[\/vc_column][\/vc_row]\n<\/div>","protected":false},"excerpt":{"rendered":"<p>[vc_section css_animation=\u00bbfadeIn\u00bb full_width=\u00bbstretch_row\u00bb parallax=\u00bbcontent-moving\u00bb parallax_image=\u00bb918&#8243; wpex_bg_overlay=\u00bbcustom\u00bb wpex_bg_overlay_color=\u00bb#ffffff\u00bb wpex_bg_overlay_opacity=\u00bb0.7&#8243; css=\u00bb.vc_custom_1698217610111{padding-top: 7% !important;padding-bottom: 7% !important;background-color: #ffffff !important;}\u00bb][vc_row content_placement=\u00bbmiddle\u00bb][vc_column width=\u00bb1\/2&#8243;][vc_column_text]Bienvenidos a nuestro peque\u00f1o rinc\u00f3n&#8230;! Somos Deni y Gabi, los propietarios de La Casa de los Pianos. Hemos estado inmersos en el fascinante mundo de la m\u00fasica desde siempre. Si has llegado hasta aqu\u00ed, es porque compartes el inter\u00e9s&hellip;<\/p>\n","protected":false},"author":1,"featured_media":0,"parent":0,"menu_order":0,"comment_status":"closed","ping_status":"closed","template":"","meta":{"footnotes":""},"yoast_head":"<!-- This site is optimized with the Yoast SEO plugin v21.6 - https:\/\/yoast.com\/wordpress\/plugins\/seo\/ -->\n<title>Quien somos - La Casa dels Pianos<\/title>\n<meta name=\"robots\" content=\"noindex, follow, max-snippet:-1, max-image-preview:large, max-video-preview:-1\" \/>\n<meta property=\"og:locale\" content=\"es_ES\" \/>\n<meta property=\"og:type\" content=\"article\" \/>\n<meta property=\"og:title\" content=\"Quien somos - La Casa dels Pianos\" \/>\n<meta property=\"og:description\" content=\"[vc_section css_animation=\u00bbfadeIn\u00bb full_width=\u00bbstretch_row\u00bb parallax=\u00bbcontent-moving\u00bb parallax_image=\u00bb918&#8243; wpex_bg_overlay=\u00bbcustom\u00bb wpex_bg_overlay_color=\u00bb#ffffff\u00bb wpex_bg_overlay_opacity=\u00bb0.7&#8243; css=\u00bb.vc_custom_1698217610111{padding-top: 7% !important;padding-bottom: 7% !important;background-color: #ffffff !important;}\u00bb][vc_row content_placement=\u00bbmiddle\u00bb][vc_column width=\u00bb1\/2&#8243;][vc_column_text]Bienvenidos a nuestro peque\u00f1o rinc\u00f3n&#8230;! Somos Deni y Gabi, los propietarios de La Casa de los Pianos. Hemos estado inmersos en el fascinante mundo de la m\u00fasica desde siempre. Si has llegado hasta aqu\u00ed, es porque compartes el inter\u00e9s&hellip;\" \/>\n<meta property=\"og:url\" content=\"https:\/\/lacasadelospianos.cetrexmarketing.com\/es\/qui-som\/\" \/>\n<meta property=\"og:site_name\" content=\"La Casa dels Pianos\" \/>\n<meta property=\"article:modified_time\" content=\"2023-11-21T18:10:08+00:00\" \/>\n<meta name=\"twitter:card\" content=\"summary_large_image\" \/>\n<meta name=\"twitter:label1\" content=\"Tiempo de lectura\" \/>\n\t<meta name=\"twitter:data1\" content=\"2 minutos\" \/>\n<script type=\"application\/ld+json\" class=\"yoast-schema-graph\">{\"@context\":\"https:\/\/schema.org\",\"@graph\":[{\"@type\":\"WebPage\",\"@id\":\"https:\/\/lacasadelospianos.cetrexmarketing.com\/es\/qui-som\/\",\"url\":\"https:\/\/lacasadelospianos.cetrexmarketing.com\/es\/qui-som\/\",\"name\":\"Quien somos - La Casa dels Pianos\",\"isPartOf\":{\"@id\":\"https:\/\/lacasadelospianos.cetrexmarketing.com\/#website\"},\"datePublished\":\"2023-10-20T10:50:12+00:00\",\"dateModified\":\"2023-11-21T18:10:08+00:00\",\"breadcrumb\":{\"@id\":\"https:\/\/lacasadelospianos.cetrexmarketing.com\/es\/qui-som\/#breadcrumb\"},\"inLanguage\":\"es\",\"potentialAction\":[{\"@type\":\"ReadAction\",\"target\":[\"https:\/\/lacasadelospianos.cetrexmarketing.com\/es\/qui-som\/\"]}]},{\"@type\":\"BreadcrumbList\",\"@id\":\"https:\/\/lacasadelospianos.cetrexmarketing.com\/es\/qui-som\/#breadcrumb\",\"itemListElement\":[{\"@type\":\"ListItem\",\"position\":1,\"name\":\"Home\",\"item\":\"https:\/\/lacasadelospianos.cetrexmarketing.com\/es\/\"},{\"@type\":\"ListItem\",\"position\":2,\"name\":\"Quien somos\"}]},{\"@type\":\"WebSite\",\"@id\":\"https:\/\/lacasadelospianos.cetrexmarketing.com\/#website\",\"url\":\"https:\/\/lacasadelospianos.cetrexmarketing.com\/\",\"name\":\"La Casa dels Pianos\",\"description\":\"Venda i lloguer de pianos nous, d&#039;ocasi\u00f3, seminous y Km0\",\"publisher\":{\"@id\":\"https:\/\/lacasadelospianos.cetrexmarketing.com\/#organization\"},\"potentialAction\":[{\"@type\":\"SearchAction\",\"target\":{\"@type\":\"EntryPoint\",\"urlTemplate\":\"https:\/\/lacasadelospianos.cetrexmarketing.com\/?s={search_term_string}\"},\"query-input\":\"required name=search_term_string\"}],\"inLanguage\":\"es\"},{\"@type\":\"Organization\",\"@id\":\"https:\/\/lacasadelospianos.cetrexmarketing.com\/#organization\",\"name\":\"La Casa dels Pianos\",\"url\":\"https:\/\/lacasadelospianos.cetrexmarketing.com\/\",\"logo\":{\"@type\":\"ImageObject\",\"inLanguage\":\"es\",\"@id\":\"https:\/\/lacasadelospianos.cetrexmarketing.com\/#\/schema\/logo\/image\/\",\"url\":\"https:\/\/lacasadelospianos.cetrexmarketing.com\/wp-content\/uploads\/2023\/10\/logo.png\",\"contentUrl\":\"https:\/\/lacasadelospianos.cetrexmarketing.com\/wp-content\/uploads\/2023\/10\/logo.png\",\"width\":878,\"height\":410,\"caption\":\"La Casa dels Pianos\"},\"image\":{\"@id\":\"https:\/\/lacasadelospianos.cetrexmarketing.com\/#\/schema\/logo\/image\/\"}}]}<\/script>\n<!-- \/ Yoast SEO plugin. -->","yoast_head_json":{"title":"Quien somos - La Casa dels Pianos","robots":{"index":"noindex","follow":"follow","max-snippet":"max-snippet:-1","max-image-preview":"max-image-preview:large","max-video-preview":"max-video-preview:-1"},"og_locale":"es_ES","og_type":"article","og_title":"Quien somos - La Casa dels Pianos","og_description":"[vc_section css_animation=\u00bbfadeIn\u00bb full_width=\u00bbstretch_row\u00bb parallax=\u00bbcontent-moving\u00bb parallax_image=\u00bb918&#8243; wpex_bg_overlay=\u00bbcustom\u00bb wpex_bg_overlay_color=\u00bb#ffffff\u00bb wpex_bg_overlay_opacity=\u00bb0.7&#8243; css=\u00bb.vc_custom_1698217610111{padding-top: 7% !important;padding-bottom: 7% !important;background-color: #ffffff !important;}\u00bb][vc_row content_placement=\u00bbmiddle\u00bb][vc_column width=\u00bb1\/2&#8243;][vc_column_text]Bienvenidos a nuestro peque\u00f1o rinc\u00f3n&#8230;! Somos Deni y Gabi, los propietarios de La Casa de los Pianos. Hemos estado inmersos en el fascinante mundo de la m\u00fasica desde siempre. Si has llegado hasta aqu\u00ed, es porque compartes el inter\u00e9s&hellip;","og_url":"https:\/\/lacasadelospianos.cetrexmarketing.com\/es\/qui-som\/","og_site_name":"La Casa dels Pianos","article_modified_time":"2023-11-21T18:10:08+00:00","twitter_card":"summary_large_image","twitter_misc":{"Tiempo de lectura":"2 minutos"},"schema":{"@context":"https:\/\/schema.org","@graph":[{"@type":"WebPage","@id":"https:\/\/lacasadelospianos.cetrexmarketing.com\/es\/qui-som\/","url":"https:\/\/lacasadelospianos.cetrexmarketing.com\/es\/qui-som\/","name":"Quien somos - La Casa dels Pianos","isPartOf":{"@id":"https:\/\/lacasadelospianos.cetrexmarketing.com\/#website"},"datePublished":"2023-10-20T10:50:12+00:00","dateModified":"2023-11-21T18:10:08+00:00","breadcrumb":{"@id":"https:\/\/lacasadelospianos.cetrexmarketing.com\/es\/qui-som\/#breadcrumb"},"inLanguage":"es","potentialAction":[{"@type":"ReadAction","target":["https:\/\/lacasadelospianos.cetrexmarketing.com\/es\/qui-som\/"]}]},{"@type":"BreadcrumbList","@id":"https:\/\/lacasadelospianos.cetrexmarketing.com\/es\/qui-som\/#breadcrumb","itemListElement":[{"@type":"ListItem","position":1,"name":"Home","item":"https:\/\/lacasadelospianos.cetrexmarketing.com\/es\/"},{"@type":"ListItem","position":2,"name":"Quien somos"}]},{"@type":"WebSite","@id":"https:\/\/lacasadelospianos.cetrexmarketing.com\/#website","url":"https:\/\/lacasadelospianos.cetrexmarketing.com\/","name":"La Casa dels Pianos","description":"Venda i lloguer de pianos nous, d&#039;ocasi\u00f3, seminous y Km0","publisher":{"@id":"https:\/\/lacasadelospianos.cetrexmarketing.com\/#organization"},"potentialAction":[{"@type":"SearchAction","target":{"@type":"EntryPoint","urlTemplate":"https:\/\/lacasadelospianos.cetrexmarketing.com\/?s={search_term_string}"},"query-input":"required name=search_term_string"}],"inLanguage":"es"},{"@type":"Organization","@id":"https:\/\/lacasadelospianos.cetrexmarketing.com\/#organization","name":"La Casa dels Pianos","url":"https:\/\/lacasadelospianos.cetrexmarketing.com\/","logo":{"@type":"ImageObject","inLanguage":"es","@id":"https:\/\/lacasadelospianos.cetrexmarketing.com\/#\/schema\/logo\/image\/","url":"https:\/\/lacasadelospianos.cetrexmarketing.com\/wp-content\/uploads\/2023\/10\/logo.png","contentUrl":"https:\/\/lacasadelospianos.cetrexmarketing.com\/wp-content\/uploads\/2023\/10\/logo.png","width":878,"height":410,"caption":"La Casa dels Pianos"},"image":{"@id":"https:\/\/lacasadelospianos.cetrexmarketing.com\/#\/schema\/logo\/image\/"}}]}},"_links":{"self":[{"href":"https:\/\/lacasadelospianos.cetrexmarketing.com\/es\/wp-json\/wp\/v2\/pages\/5032"}],"collection":[{"href":"https:\/\/lacasadelospianos.cetrexmarketing.com\/es\/wp-json\/wp\/v2\/pages"}],"about":[{"href":"https:\/\/lacasadelospianos.cetrexmarketing.com\/es\/wp-json\/wp\/v2\/types\/page"}],"author":[{"embeddable":true,"href":"https:\/\/lacasadelospianos.cetrexmarketing.com\/es\/wp-json\/wp\/v2\/users\/1"}],"replies":[{"embeddable":true,"href":"https:\/\/lacasadelospianos.cetrexmarketing.com\/es\/wp-json\/wp\/v2\/comments?post=5032"}],"version-history":[{"count":24,"href":"https:\/\/lacasadelospianos.cetrexmarketing.com\/es\/wp-json\/wp\/v2\/pages\/5032\/revisions"}],"predecessor-version":[{"id":6521,"href":"https:\/\/lacasadelospianos.cetrexmarketing.com\/es\/wp-json\/wp\/v2\/pages\/5032\/revisions\/6521"}],"wp:attachment":[{"href":"https:\/\/lacasadelospianos.cetrexmarketing.com\/es\/wp-json\/wp\/v2\/media?parent=5032"}],"curies":[{"name":"wp","href":"https:\/\/api.w.org\/{rel}","templated":true}]}}