{"id":5048,"date":"2023-10-20T11:05:27","date_gmt":"2023-10-20T11:05:27","guid":{"rendered":"https:\/\/lacasadelospianos.cetrexmarketing.com\/?page_id=5048"},"modified":"2023-11-20T10:13:53","modified_gmt":"2023-11-20T10:13:53","slug":"servicios","status":"publish","type":"page","link":"https:\/\/lacasadelospianos.cetrexmarketing.com\/es\/servicios\/","title":{"rendered":"Servicios"},"content":{"rendered":"<div class=\"wpb-content-wrapper\">[vc_section css_animation=\u00bbfadeIn\u00bb full_width=\u00bbstretch_row_content\u00bb css=\u00bb.vc_custom_1698217750050{padding-top: 5% !important;padding-bottom: 5% !important;background-color: #f6f6f6 !important;}\u00bb][vc_row remove_bottom_col_margin=\u00bbtrue\u00bb][vc_column][vc_column_text color=\u00bb#000000&#8243; text_align=\u00bbcenter\u00bb font_size=\u00bb19px\u00bb font_weight=\u00bb300&#8243; text_transform=\u00bbuppercase\u00bb width=\u00bb600px\u00bb]En <strong>La Casa de los Pianos<\/strong> disponemos de todos los servicios necesarios relacionados con el piano que te suban hacer falta.[\/vc_column_text][\/vc_column][\/vc_row][\/vc_section][vc_section css_animation=\u00bbfadeIn\u00bb parallax=\u00bbcontent-moving\u00bb parallax_image=\u00bb918&#8243; wpex_bg_overlay=\u00bbcustom\u00bb wpex_bg_overlay_color=\u00bb#ffffff\u00bb wpex_bg_overlay_opacity=\u00bb0.7&#8243; css=\u00bb.vc_custom_1698217756078{padding-top: 7% !important;padding-bottom: 7% !important;background-color: #ffffff !important;}\u00bb][vc_row content_placement=\u00bbmiddle\u00bb bg_style=\u00bbstretch\u00bb][vc_column width=\u00bb1\/2&#8243;][vc_single_image image=\u00bb5086&#8243; css_animation=\u00bbleft-to-right\u00bb][\/vc_column][vc_column width=\u00bb1\/2&#8243;]<style>.vcex-heading.vcex_69d4ffd64e8e4{color:#000000;font-size:28px;font-weight:300;text-transform:uppercase;}<\/style><h2 class=\"vcex-heading vcex-heading-plain vcex-module wpex-heading wpex-text-2xl vcex_69d4ffd64e8e4\"><span class=\"vcex-heading-inner wpex-inline-block\">AFINACIONES<\/span><\/h2><div class=\"vcex-module vcex-divider vcex-divider-solid wpex-my-15 vcex-divider-left wpex-mr-auto wpex-max-w-100 wpex-block wpex-h-0 wpex-border-b wpex-border-solid wpex-border-main\" style=\"width:50px;border-bottom-width:3px;border-color:#c3ac52;\"><\/div>[vc_column_text color=\u00bb#000000&#8243;]Como cualquier otro instrumento musical, <strong>el piano requiere estar afinado a la perfecci\u00f3n<\/strong> para que puedan experimentar plenamente la magia de su sonido. Una afinaci\u00f3n precisa es crucial para mantener y proteger la compleja y delicada maquinaria del piano. Este instrumento de cuerda necesita que sus cuerdas est\u00e9n ajustadas al tono adecuado. Recomendamos una afinaci\u00f3n al menos una vez al a\u00f1o.<br \/>\nAdem\u00e1s, es importante realizar afinaciones despu\u00e9s de cambios bruscos de temperatura causados por las estaciones del a\u00f1o, as\u00ed como despu\u00e9s de un traslado o movimiento del piano.<br \/>\n[\/vc_column_text][\/vc_column][\/vc_row][vc_row css_animation=\u00bbfadeIn\u00bb content_placement=\u00bbmiddle\u00bb columns_right=\u00bbyes\u00bb bg_style=\u00bbstretch\u00bb][vc_column width=\u00bb1\/2&#8243;][vc_single_image image=\u00bb5088&#8243; css_animation=\u00bbleft-to-right\u00bb][\/vc_column][vc_column width=\u00bb1\/2&#8243;]<style>.vcex-heading.vcex_69d4ffd64f98a{color:#000000;font-size:28px;font-weight:300;text-transform:uppercase;}<\/style><h2 class=\"vcex-heading vcex-heading-plain vcex-module wpex-heading wpex-text-2xl vcex_69d4ffd64f98a\"><span class=\"vcex-heading-inner wpex-inline-block\">REPARACIONES<\/span><\/h2><div class=\"vcex-module vcex-divider vcex-divider-solid wpex-my-15 vcex-divider-left wpex-mr-auto wpex-max-w-100 wpex-block wpex-h-0 wpex-border-b wpex-border-solid wpex-border-main\" style=\"width:50px;border-bottom-width:3px;border-color:#c3ac52;\"><\/div>[vc_column_text color=\u00bb#000000&#8243;]El piano est\u00e1 compuesto por una gran cantidad de elementos en su mecanismo, lo que significa que de vez en cuando podr\u00edan ser necesarios ajustes o reparaciones. Un piano puede vivir m\u00e1s de un siglo, superando en edad a muchas personas. Esto hace que sea <strong>esencial realizar de manera peri\u00f3dica una revisi\u00f3n y ajuste del mecanismo del pian<\/strong>o, incluyendo tareas de armonizaci\u00f3n y regulaci\u00f3n.[\/vc_column_text][\/vc_column][\/vc_row][vc_row css_animation=\u00bbfadeIn\u00bb full_width=\u00bbstretch_row\u00bb content_placement=\u00bbmiddle\u00bb bg_style=\u00bbstretch\u00bb][vc_column width=\u00bb1\/2&#8243;][vc_single_image image=\u00bb5082&#8243; css_animation=\u00bbleft-to-right\u00bb][\/vc_column][vc_column width=\u00bb1\/2&#8243;]<style>.vcex-heading.vcex_69d4ffd6505d8{color:#000000;font-size:28px;font-weight:300;text-transform:uppercase;}<\/style><h2 class=\"vcex-heading vcex-heading-plain vcex-module wpex-heading wpex-text-2xl vcex_69d4ffd6505d8\"><span class=\"vcex-heading-inner wpex-inline-block\">RESTAURACIONES<\/span><\/h2><div class=\"vcex-module vcex-divider vcex-divider-solid wpex-my-15 vcex-divider-left wpex-mr-auto wpex-max-w-100 wpex-block wpex-h-0 wpex-border-b wpex-border-solid wpex-border-main\" style=\"width:50px;border-bottom-width:3px;border-color:#c3ac52;\"><\/div>[vc_column_text color=\u00bb#000000&#8243;]El piano es m\u00e1s que un simple instrumento musical, es uno de los muebles m\u00e1s elegantes y sofisticados que existen. Las formas \u00fanicas de su estructura, dise\u00f1adas para generar una resonancia perfecta, han convertido al piano a lo largo de los a\u00f1os en una <strong>pieza de arte y mobiliario de gran valor<\/strong>.<br \/>\nEs por ello que, con el paso del tiempo o despu\u00e9s de peque\u00f1os accidentes, puede ser necesario restaurar el mueble del piano. En otras ocasiones, quiz\u00e1s deseen revivir un antiguo piano que forma parte de su familia, con un alto valor sentimental o como una peque\u00f1a joya art\u00edstica.<br \/>\nIndependientemente de la situaci\u00f3n, <strong>nuestro Taller es experto en la restauraci\u00f3n de todo tipo de pianos<\/strong>, d\u00e1ndoles una nueva vida y restituyendo el bello sonido que han ido perdiendo a lo largo de los a\u00f1os.<br \/>\n[\/vc_column_text][\/vc_column][\/vc_row][vc_row css_animation=\u00bbfadeIn\u00bb full_width=\u00bbstretch_row\u00bb content_placement=\u00bbmiddle\u00bb columns_right=\u00bbyes\u00bb bg_style=\u00bbstretch\u00bb][vc_column width=\u00bb1\/2&#8243;][vc_single_image image=\u00bb5085&#8243; css_animation=\u00bbleft-to-right\u00bb][\/vc_column][vc_column width=\u00bb1\/2&#8243;]<style>.vcex-heading.vcex_69d4ffd65114e{color:#000000;font-size:28px;font-weight:300;text-transform:uppercase;}<\/style><h2 class=\"vcex-heading vcex-heading-plain vcex-module wpex-heading wpex-text-2xl vcex_69d4ffd65114e\"><span class=\"vcex-heading-inner wpex-inline-block\">ALQUILER<\/span><\/h2><div class=\"vcex-module vcex-divider vcex-divider-solid wpex-my-15 vcex-divider-left wpex-mr-auto wpex-max-w-100 wpex-block wpex-h-0 wpex-border-b wpex-border-solid wpex-border-main\" style=\"width:50px;border-bottom-width:3px;border-color:#c3ac52;\"><\/div>[vc_column_text color=\u00bb#000000&#8243;]En <strong>La Casa de los Pianos<\/strong>, te ofrecemos la oportunidad de introducir un piano ac\u00fastico en tu hogar sin que esto genere un impacto significativo en tu econom\u00eda.<\/p>\n<p>Esta opci\u00f3n est\u00e1 especialmente dise\u00f1ada para todas aquellas familias que deseen ofrecer a sus miembros la experiencia de un aut\u00e9ntico piano de estudio durante aquella fase en la que el estudiante comienza los primeros pasos en este mundo, aunque su futuro como pianista a\u00fan sea incierto.<br \/>\n[\/vc_column_text]<div class=\"vcex-spacing wpex-w-100 wpex-clear\"><\/div>[vc_column_text color=\u00bb#000000&#8243;]Alquiler con opci\u00f3n de compra:<\/p>\n<p>Nuestro servicio de alquiler con opci\u00f3n de compra se aplica a pianos de estudio.<\/p>\n<p>\u2022 Solo 50,00\u20ac mensuales + IVA durante 1 a\u00f1o.<br \/>\n\u2022 Incluye servicio de mantenimiento sin ning\u00fan coste adicional.<br \/>\n\u2022 Tienes la opci\u00f3n de comprar el piano al final del decimotercer mes o la posibilidad de extender el contrato de alquiler.<br \/>\n\u2022 En caso de que no desees continuar con el alquiler, tienes la posibilidad de devolver el piano sin ninguna obligaci\u00f3n adicional.<\/p>\n<p>Creemos que esta es una excelente oportunidad para aquellos que desean introducir la belleza y la pasi\u00f3n de la m\u00fasica en sus vidas sin tener que comprometerse a largo plazo. Aprovecha esta posibilidad para explorar el mundo del piano y ver si es el camino que deseas seguir.<br \/>\n[\/vc_column_text][\/vc_column][\/vc_row][vc_row css_animation=\u00bbfadeIn\u00bb full_width=\u00bbstretch_row\u00bb content_placement=\u00bbmiddle\u00bb bg_style=\u00bbstretch\u00bb][vc_column width=\u00bb1\/2&#8243;][vc_single_image image=\u00bb5083&#8243; css_animation=\u00bbleft-to-right\u00bb][\/vc_column][vc_column width=\u00bb1\/2&#8243;]<style>.vcex-heading.vcex_69d4ffd651e9b{color:#000000;font-size:28px;font-weight:300;text-transform:uppercase;}<\/style><h2 class=\"vcex-heading vcex-heading-plain vcex-module wpex-heading wpex-text-2xl vcex_69d4ffd651e9b\"><span class=\"vcex-heading-inner wpex-inline-block\">TRANSPORTE DE PIANOS<\/span><\/h2><div class=\"vcex-module vcex-divider vcex-divider-solid wpex-my-15 vcex-divider-left wpex-mr-auto wpex-max-w-100 wpex-block wpex-h-0 wpex-border-b wpex-border-solid wpex-border-main\" style=\"width:50px;border-bottom-width:3px;border-color:#c3ac52;\"><\/div>[vc_column_text color=\u00bb#000000&#8243;]<strong>Trasladamos su piano con el m\u00e1ximo cuidado, profesionalidad y los mejores medios y equipo humano cualificado<\/strong> para que llegue a su destino en perfectas condiciones y con el precio m\u00e1s ajustado del sector.<\/p>\n<p>Los pianos viajan perfectamente embalados y protegidos para preservar totalmente el instrumento, ya que somos totalmente conscientes del valor que tiene para su propietario.<br \/>\n[\/vc_column_text][\/vc_column][\/vc_row][\/vc_section][vc_row css_animation=\u00bbfadeIn\u00bb remove_bottom_col_margin=\u00bbtrue\u00bb][vc_column]<div class=\"templatera_shortcode\"><style type=\"text\/css\" data-type=\"vc_shortcodes-custom-css\">.vc_custom_1697710429791{padding-top: 60px !important;padding-bottom: 60px !important;background-color: #981b19 !important;}.vc_custom_1700635142874{padding-bottom: 15px !important;}<\/style>[vc_row full_width=\"stretch_row\" parallax=\"content-moving\" parallax_image=\"4853\" wpex_bg_overlay=\"color\" remove_bottom_col_margin=\"true\" css=\".vc_custom_1697710429791{padding-top: 60px !important;padding-bottom: 60px !important;background-color: #981b19 !important;}\" wpex_bg_overlay_color=\"#981b19\" wpex_bg_overlay_opacity=\"0.9\"][vc_column]<style>.vcex-heading.vcex_69d4ffd653071{color:#ffffff;font-size:32px;font-weight:200;text-transform:uppercase;}<\/style><h2 class=\"vcex-heading vcex-heading-plain vcex-module wpex-heading wpex-text-2xl wpex-text-center vc_custom_1700635142874 vcex_69d4ffd653071\"><span class=\"vcex-heading-inner wpex-inline-block\">\u00bfNecesitas m\u00e1s informaci\u00f3n sobre nuestros pianos?<\/span><\/h2>[vc_column_text text_align=\"center\" font_weight=\"200\" color=\"#ffffff\" font_size=\"18px\" width=\"850px\"]Contacta con nosotros y te ayudaremos a elegir el mejor piano por ti.[\/vc_column_text]<div class=\"vcex-spacing wpex-w-100 wpex-clear\"><\/div><div class=\"theme-button-wrap textcenter wpex-clr\"><a href=\"\/contacte\/\" class=\"vcex-button theme-button minimal-border align-center inline\" style=\"background:rgba(255,255,255,0.01);color:#ffffff;border:1px solid #ffffff;font-size:16px;font-weight:400;border-radius:var(--wpex-rounded-full);text-transform:uppercase;\" data-wpex-hover='{&quot;background&quot;:&quot;#ffffff&quot;,&quot;color&quot;:&quot;#981b19&quot;}' title=\"Purchase Total\"><span class=\"vcex-button-inner theme-button-inner\">Contacta con nosotros<span class=\"vcex-button-icon vcex-icon-wrap theme-button-icon-right\"><span class=\"ticon ticon-angle-right\" aria-hidden=\"true\"><\/span><\/span><\/span><\/a><\/div> [\/vc_column][\/vc_row]<\/div>[\/vc_column][\/vc_row]\n<\/div>","protected":false},"excerpt":{"rendered":"<p>[vc_section css_animation=\u00bbfadeIn\u00bb full_width=\u00bbstretch_row_content\u00bb css=\u00bb.vc_custom_1698217750050{padding-top: 5% !important;padding-bottom: 5% !important;background-color: #f6f6f6 !important;}\u00bb][vc_row remove_bottom_col_margin=\u00bbtrue\u00bb][vc_column][vc_column_text color=\u00bb#000000&#8243; text_align=\u00bbcenter\u00bb font_size=\u00bb19px\u00bb font_weight=\u00bb300&#8243; text_transform=\u00bbuppercase\u00bb width=\u00bb600px\u00bb]En La Casa de los Pianos disponemos de todos los servicios necesarios relacionados con el piano que te suban hacer falta.[\/vc_column_text][\/vc_column][\/vc_row][\/vc_section][vc_section css_animation=\u00bbfadeIn\u00bb parallax=\u00bbcontent-moving\u00bb parallax_image=\u00bb918&#8243; wpex_bg_overlay=\u00bbcustom\u00bb wpex_bg_overlay_color=\u00bb#ffffff\u00bb wpex_bg_overlay_opacity=\u00bb0.7&#8243; css=\u00bb.vc_custom_1698217756078{padding-top: 7% !important;padding-bottom: 7% !important;background-color: #ffffff !important;}\u00bb][vc_row content_placement=\u00bbmiddle\u00bb bg_style=\u00bbstretch\u00bb][vc_column width=\u00bb1\/2&#8243;][vc_single_image image=\u00bb5086&#8243; css_animation=\u00bbleft-to-right\u00bb][\/vc_column][vc_column&hellip;<\/p>\n","protected":false},"author":1,"featured_media":0,"parent":0,"menu_order":0,"comment_status":"closed","ping_status":"closed","template":"","meta":{"footnotes":""},"yoast_head":"<!-- This site is optimized with the Yoast SEO plugin v21.6 - https:\/\/yoast.com\/wordpress\/plugins\/seo\/ -->\n<title>Servicios - La Casa dels Pianos<\/title>\n<meta name=\"robots\" content=\"noindex, follow, max-snippet:-1, max-image-preview:large, max-video-preview:-1\" \/>\n<meta property=\"og:locale\" content=\"es_ES\" \/>\n<meta property=\"og:type\" content=\"article\" \/>\n<meta property=\"og:title\" content=\"Servicios - La Casa dels Pianos\" \/>\n<meta property=\"og:description\" content=\"[vc_section css_animation=\u00bbfadeIn\u00bb full_width=\u00bbstretch_row_content\u00bb css=\u00bb.vc_custom_1698217750050{padding-top: 5% !important;padding-bottom: 5% !important;background-color: #f6f6f6 !important;}\u00bb][vc_row remove_bottom_col_margin=\u00bbtrue\u00bb][vc_column][vc_column_text color=\u00bb#000000&#8243; text_align=\u00bbcenter\u00bb font_size=\u00bb19px\u00bb font_weight=\u00bb300&#8243; text_transform=\u00bbuppercase\u00bb width=\u00bb600px\u00bb]En La Casa de los Pianos disponemos de todos los servicios necesarios relacionados con el piano que te suban hacer falta.[\/vc_column_text][\/vc_column][\/vc_row][\/vc_section][vc_section css_animation=\u00bbfadeIn\u00bb parallax=\u00bbcontent-moving\u00bb parallax_image=\u00bb918&#8243; wpex_bg_overlay=\u00bbcustom\u00bb wpex_bg_overlay_color=\u00bb#ffffff\u00bb wpex_bg_overlay_opacity=\u00bb0.7&#8243; css=\u00bb.vc_custom_1698217756078{padding-top: 7% !important;padding-bottom: 7% !important;background-color: #ffffff !important;}\u00bb][vc_row content_placement=\u00bbmiddle\u00bb bg_style=\u00bbstretch\u00bb][vc_column width=\u00bb1\/2&#8243;][vc_single_image image=\u00bb5086&#8243; css_animation=\u00bbleft-to-right\u00bb][\/vc_column][vc_column&hellip;\" \/>\n<meta property=\"og:url\" content=\"https:\/\/lacasadelospianos.cetrexmarketing.com\/es\/servicios\/\" \/>\n<meta property=\"og:site_name\" content=\"La Casa dels Pianos\" \/>\n<meta property=\"article:modified_time\" content=\"2023-11-20T10:13:53+00:00\" \/>\n<meta name=\"twitter:card\" content=\"summary_large_image\" \/>\n<meta name=\"twitter:label1\" content=\"Tiempo de lectura\" \/>\n\t<meta name=\"twitter:data1\" content=\"4 minutos\" \/>\n<script type=\"application\/ld+json\" class=\"yoast-schema-graph\">{\"@context\":\"https:\/\/schema.org\",\"@graph\":[{\"@type\":\"WebPage\",\"@id\":\"https:\/\/lacasadelospianos.cetrexmarketing.com\/es\/servicios\/\",\"url\":\"https:\/\/lacasadelospianos.cetrexmarketing.com\/es\/servicios\/\",\"name\":\"Servicios - La Casa dels Pianos\",\"isPartOf\":{\"@id\":\"https:\/\/lacasadelospianos.cetrexmarketing.com\/#website\"},\"datePublished\":\"2023-10-20T11:05:27+00:00\",\"dateModified\":\"2023-11-20T10:13:53+00:00\",\"breadcrumb\":{\"@id\":\"https:\/\/lacasadelospianos.cetrexmarketing.com\/es\/servicios\/#breadcrumb\"},\"inLanguage\":\"es\",\"potentialAction\":[{\"@type\":\"ReadAction\",\"target\":[\"https:\/\/lacasadelospianos.cetrexmarketing.com\/es\/servicios\/\"]}]},{\"@type\":\"BreadcrumbList\",\"@id\":\"https:\/\/lacasadelospianos.cetrexmarketing.com\/es\/servicios\/#breadcrumb\",\"itemListElement\":[{\"@type\":\"ListItem\",\"position\":1,\"name\":\"Home\",\"item\":\"https:\/\/lacasadelospianos.cetrexmarketing.com\/es\/\"},{\"@type\":\"ListItem\",\"position\":2,\"name\":\"Servicios\"}]},{\"@type\":\"WebSite\",\"@id\":\"https:\/\/lacasadelospianos.cetrexmarketing.com\/#website\",\"url\":\"https:\/\/lacasadelospianos.cetrexmarketing.com\/\",\"name\":\"La Casa dels Pianos\",\"description\":\"Venda i lloguer de pianos nous, d&#039;ocasi\u00f3, seminous y Km0\",\"publisher\":{\"@id\":\"https:\/\/lacasadelospianos.cetrexmarketing.com\/#organization\"},\"potentialAction\":[{\"@type\":\"SearchAction\",\"target\":{\"@type\":\"EntryPoint\",\"urlTemplate\":\"https:\/\/lacasadelospianos.cetrexmarketing.com\/?s={search_term_string}\"},\"query-input\":\"required name=search_term_string\"}],\"inLanguage\":\"es\"},{\"@type\":\"Organization\",\"@id\":\"https:\/\/lacasadelospianos.cetrexmarketing.com\/#organization\",\"name\":\"La Casa dels Pianos\",\"url\":\"https:\/\/lacasadelospianos.cetrexmarketing.com\/\",\"logo\":{\"@type\":\"ImageObject\",\"inLanguage\":\"es\",\"@id\":\"https:\/\/lacasadelospianos.cetrexmarketing.com\/#\/schema\/logo\/image\/\",\"url\":\"https:\/\/lacasadelospianos.cetrexmarketing.com\/wp-content\/uploads\/2023\/10\/logo.png\",\"contentUrl\":\"https:\/\/lacasadelospianos.cetrexmarketing.com\/wp-content\/uploads\/2023\/10\/logo.png\",\"width\":878,\"height\":410,\"caption\":\"La Casa dels Pianos\"},\"image\":{\"@id\":\"https:\/\/lacasadelospianos.cetrexmarketing.com\/#\/schema\/logo\/image\/\"}}]}<\/script>\n<!-- \/ Yoast SEO plugin. -->","yoast_head_json":{"title":"Servicios - La Casa dels Pianos","robots":{"index":"noindex","follow":"follow","max-snippet":"max-snippet:-1","max-image-preview":"max-image-preview:large","max-video-preview":"max-video-preview:-1"},"og_locale":"es_ES","og_type":"article","og_title":"Servicios - La Casa dels Pianos","og_description":"[vc_section css_animation=\u00bbfadeIn\u00bb full_width=\u00bbstretch_row_content\u00bb css=\u00bb.vc_custom_1698217750050{padding-top: 5% !important;padding-bottom: 5% !important;background-color: #f6f6f6 !important;}\u00bb][vc_row remove_bottom_col_margin=\u00bbtrue\u00bb][vc_column][vc_column_text color=\u00bb#000000&#8243; text_align=\u00bbcenter\u00bb font_size=\u00bb19px\u00bb font_weight=\u00bb300&#8243; text_transform=\u00bbuppercase\u00bb width=\u00bb600px\u00bb]En La Casa de los Pianos disponemos de todos los servicios necesarios relacionados con el piano que te suban hacer falta.[\/vc_column_text][\/vc_column][\/vc_row][\/vc_section][vc_section css_animation=\u00bbfadeIn\u00bb parallax=\u00bbcontent-moving\u00bb parallax_image=\u00bb918&#8243; wpex_bg_overlay=\u00bbcustom\u00bb wpex_bg_overlay_color=\u00bb#ffffff\u00bb wpex_bg_overlay_opacity=\u00bb0.7&#8243; css=\u00bb.vc_custom_1698217756078{padding-top: 7% !important;padding-bottom: 7% !important;background-color: #ffffff !important;}\u00bb][vc_row content_placement=\u00bbmiddle\u00bb bg_style=\u00bbstretch\u00bb][vc_column width=\u00bb1\/2&#8243;][vc_single_image image=\u00bb5086&#8243; css_animation=\u00bbleft-to-right\u00bb][\/vc_column][vc_column&hellip;","og_url":"https:\/\/lacasadelospianos.cetrexmarketing.com\/es\/servicios\/","og_site_name":"La Casa dels Pianos","article_modified_time":"2023-11-20T10:13:53+00:00","twitter_card":"summary_large_image","twitter_misc":{"Tiempo de lectura":"4 minutos"},"schema":{"@context":"https:\/\/schema.org","@graph":[{"@type":"WebPage","@id":"https:\/\/lacasadelospianos.cetrexmarketing.com\/es\/servicios\/","url":"https:\/\/lacasadelospianos.cetrexmarketing.com\/es\/servicios\/","name":"Servicios - La Casa dels Pianos","isPartOf":{"@id":"https:\/\/lacasadelospianos.cetrexmarketing.com\/#website"},"datePublished":"2023-10-20T11:05:27+00:00","dateModified":"2023-11-20T10:13:53+00:00","breadcrumb":{"@id":"https:\/\/lacasadelospianos.cetrexmarketing.com\/es\/servicios\/#breadcrumb"},"inLanguage":"es","potentialAction":[{"@type":"ReadAction","target":["https:\/\/lacasadelospianos.cetrexmarketing.com\/es\/servicios\/"]}]},{"@type":"BreadcrumbList","@id":"https:\/\/lacasadelospianos.cetrexmarketing.com\/es\/servicios\/#breadcrumb","itemListElement":[{"@type":"ListItem","position":1,"name":"Home","item":"https:\/\/lacasadelospianos.cetrexmarketing.com\/es\/"},{"@type":"ListItem","position":2,"name":"Servicios"}]},{"@type":"WebSite","@id":"https:\/\/lacasadelospianos.cetrexmarketing.com\/#website","url":"https:\/\/lacasadelospianos.cetrexmarketing.com\/","name":"La Casa dels Pianos","description":"Venda i lloguer de pianos nous, d&#039;ocasi\u00f3, seminous y Km0","publisher":{"@id":"https:\/\/lacasadelospianos.cetrexmarketing.com\/#organization"},"potentialAction":[{"@type":"SearchAction","target":{"@type":"EntryPoint","urlTemplate":"https:\/\/lacasadelospianos.cetrexmarketing.com\/?s={search_term_string}"},"query-input":"required name=search_term_string"}],"inLanguage":"es"},{"@type":"Organization","@id":"https:\/\/lacasadelospianos.cetrexmarketing.com\/#organization","name":"La Casa dels Pianos","url":"https:\/\/lacasadelospianos.cetrexmarketing.com\/","logo":{"@type":"ImageObject","inLanguage":"es","@id":"https:\/\/lacasadelospianos.cetrexmarketing.com\/#\/schema\/logo\/image\/","url":"https:\/\/lacasadelospianos.cetrexmarketing.com\/wp-content\/uploads\/2023\/10\/logo.png","contentUrl":"https:\/\/lacasadelospianos.cetrexmarketing.com\/wp-content\/uploads\/2023\/10\/logo.png","width":878,"height":410,"caption":"La Casa dels Pianos"},"image":{"@id":"https:\/\/lacasadelospianos.cetrexmarketing.com\/#\/schema\/logo\/image\/"}}]}},"_links":{"self":[{"href":"https:\/\/lacasadelospianos.cetrexmarketing.com\/es\/wp-json\/wp\/v2\/pages\/5048"}],"collection":[{"href":"https:\/\/lacasadelospianos.cetrexmarketing.com\/es\/wp-json\/wp\/v2\/pages"}],"about":[{"href":"https:\/\/lacasadelospianos.cetrexmarketing.com\/es\/wp-json\/wp\/v2\/types\/page"}],"author":[{"embeddable":true,"href":"https:\/\/lacasadelospianos.cetrexmarketing.com\/es\/wp-json\/wp\/v2\/users\/1"}],"replies":[{"embeddable":true,"href":"https:\/\/lacasadelospianos.cetrexmarketing.com\/es\/wp-json\/wp\/v2\/comments?post=5048"}],"version-history":[{"count":48,"href":"https:\/\/lacasadelospianos.cetrexmarketing.com\/es\/wp-json\/wp\/v2\/pages\/5048\/revisions"}],"predecessor-version":[{"id":6418,"href":"https:\/\/lacasadelospianos.cetrexmarketing.com\/es\/wp-json\/wp\/v2\/pages\/5048\/revisions\/6418"}],"wp:attachment":[{"href":"https:\/\/lacasadelospianos.cetrexmarketing.com\/es\/wp-json\/wp\/v2\/media?parent=5048"}],"curies":[{"name":"wp","href":"https:\/\/api.w.org\/{rel}","templated":true}]}}